{"id":1420,"date":"2023-12-11T12:25:03","date_gmt":"2023-12-11T11:25:03","guid":{"rendered":"https:\/\/sesmans.com\/?post_type=product&#038;p=1420"},"modified":"2023-12-11T17:11:53","modified_gmt":"2023-12-11T16:11:53","slug":"salsa-gouda","status":"publish","type":"product","link":"https:\/\/sesmans.com\/es\/producte\/salsa-gouda\/","title":{"rendered":"SALSA DE QUESO GOUDA CON OR\u00c9GANO"},"content":{"rendered":"<p class=\"p1\"><b>INGREDIENTES <\/b><\/p>\n<p class=\"p1\">Agua, queso gouda*20% (leche de vaca pasteurizada ecol\u00f3gica, sal, cultivo, cuajo vegetal, almid\u00f3n de patata), aceite de girasol*, almid\u00f3n de ma\u00edz*, leche en polvo*, prote\u00edna l\u00e1ctea; estabilizantes: goma guar*, goma xantana; az\u00facar*, aroma natural de queso, acidulante: \u00e1cido l\u00e1ctico y or\u00e9gano*0,150%.<\/p>\n<p class=\"p1\"><strong>*Ingredientes procedentes de agricultura ecol\u00f3gica.<\/strong><\/p>\n<p class=\"p1\"><b>Vida \u00fatil: 36 meses.<\/b><\/p>\n<p><strong><u><a href=\"https:\/\/sesmans.com\/wp-content\/uploads\/2023\/12\/Es-Queso.pdf\" target=\"_blank\" rel=\"noopener noreferrer\">Ficha t\u00e9cnica<\/a><\/u><\/strong><\/p>\n","protected":false},"excerpt":{"rendered":"<div class=\"traductor-textarea form-group\">\n<div class=\"textarea-desti col-xs-12 col-sm-6\">\n<div class=\"form-control second-textarea\"><strong>La Salsa de Queso Gouda<\/strong>, con un toque de or\u00e9gano. El queso Gouda es el m\u00e1s valorado por el consumidor y uno de los m\u00e1s consumidos, su caracter\u00edstico sabor dulce y su textura suave es sin duda la clave de su \u00e9xito.<br \/>\nPor otro lado el or\u00e9gano es una hierba arom\u00e1tica muy estimada en la gastronom\u00eda, sin duda la especia m\u00e1s apreciada en la gastronom\u00eda mediterr\u00e1nea utiliz\u00e1ndose en todos sus platos. Adem\u00e1s de su uso culinario, tiene un alto valor medicinal.<br \/>\nNuestra salsa de Quesos con or\u00e9gano es el componente perfecto para acompa\u00f1ar pastas, verduras y hortalizas, carnes o pescados.<\/div>\n<\/div>\n<\/div>\n","protected":false},"featured_media":1422,"template":"","meta":{"site-sidebar-layout":"default","site-content-layout":"default","ast-site-content-layout":"default","site-content-style":"default","site-sidebar-style":"default","ast-global-header-display":"","ast-banner-title-visibility":"","ast-main-header-display":"","ast-hfb-above-header-display":"","ast-hfb-below-header-display":"","ast-hfb-mobile-header-display":"","site-post-title":"","ast-breadcrumbs-content":"","ast-featured-img":"","footer-sml-layout":"","ast-disable-related-posts":"","theme-transparent-header-meta":"default","adv-header-id-meta":"","stick-header-meta":"default","header-above-stick-meta":"","header-main-stick-meta":"","header-below-stick-meta":"","astra-migrate-meta-layouts":"set","ast-page-background-enabled":"default","ast-page-background-meta":{"desktop":{"background-color":"","background-image":"","background-repeat":"repeat","background-position":"center center","background-size":"auto","background-attachment":"scroll","background-type":"","background-media":"","overlay-type":"","overlay-color":"","overlay-opacity":"","overlay-gradient":""},"tablet":{"background-color":"","background-image":"","background-repeat":"repeat","background-position":"center center","background-size":"auto","background-attachment":"scroll","background-type":"","background-media":"","overlay-type":"","overlay-color":"","overlay-opacity":"","overlay-gradient":""},"mobile":{"background-color":"","background-image":"","background-repeat":"repeat","background-position":"center center","background-size":"auto","background-attachment":"scroll","background-type":"","background-media":"","overlay-type":"","overlay-color":"","overlay-opacity":"","overlay-gradient":""}},"ast-content-background-meta":{"desktop":{"background-color":"var(--ast-global-color-5)","background-image":"","background-repeat":"repeat","background-position":"center center","background-size":"auto","background-attachment":"scroll","background-type":"","background-media":"","overlay-type":"","overlay-color":"","overlay-opacity":"","overlay-gradient":""},"tablet":{"background-color":"var(--ast-global-color-5)","background-image":"","background-repeat":"repeat","background-position":"center center","background-size":"auto","background-attachment":"scroll","background-type":"","background-media":"","overlay-type":"","overlay-color":"","overlay-opacity":"","overlay-gradient":""},"mobile":{"background-color":"var(--ast-global-color-5)","background-image":"","background-repeat":"repeat","background-position":"center center","background-size":"auto","background-attachment":"scroll","background-type":"","background-media":"","overlay-type":"","overlay-color":"","overlay-opacity":"","overlay-gradient":""}}},"product_cat":[71],"product_tag":[69,77,80],"_links":{"self":[{"href":"https:\/\/sesmans.com\/es\/wp-json\/wp\/v2\/product\/1420"}],"collection":[{"href":"https:\/\/sesmans.com\/es\/wp-json\/wp\/v2\/product"}],"about":[{"href":"https:\/\/sesmans.com\/es\/wp-json\/wp\/v2\/types\/product"}],"version-history":[{"count":5,"href":"https:\/\/sesmans.com\/es\/wp-json\/wp\/v2\/product\/1420\/revisions"}],"predecessor-version":[{"id":1437,"href":"https:\/\/sesmans.com\/es\/wp-json\/wp\/v2\/product\/1420\/revisions\/1437"}],"wp:featuredmedia":[{"embeddable":true,"href":"https:\/\/sesmans.com\/es\/wp-json\/wp\/v2\/media\/1422"}],"wp:attachment":[{"href":"https:\/\/sesmans.com\/es\/wp-json\/wp\/v2\/media?parent=1420"}],"wp:term":[{"taxonomy":"product_cat","embeddable":true,"href":"https:\/\/sesmans.com\/es\/wp-json\/wp\/v2\/product_cat?post=1420"},{"taxonomy":"product_tag","embeddable":true,"href":"https:\/\/sesmans.com\/es\/wp-json\/wp\/v2\/product_tag?post=1420"}],"curies":[{"name":"wp","href":"https:\/\/api.w.org\/{rel}","templated":true}]}}