{"id":1230,"date":"2020-06-10T18:46:30","date_gmt":"2020-06-10T18:46:30","guid":{"rendered":"https:\/\/sesmans.com\/producto\/salsa-brava"},"modified":"2023-01-09T09:53:02","modified_gmt":"2023-01-09T09:53:02","slug":"salsa-brava-suave","status":"publish","type":"product","link":"https:\/\/sesmans.com\/es\/producte\/salsa-brava-suave\/","title":{"rendered":"SALSA BRAVA"},"content":{"rendered":"<p class=\"p1\"><b>INGREDIENTES <\/b><\/p>\n<p class=\"p1\">Tomate*, aceite de oliva*, vinagre de manzana*, \u00e1gave*, almid\u00f3n de ma\u00edz*, pasta de ajo* (ajo y sal), sal, pimienta de Cayena*, estabilizadores: goma guar, goma xantana, pimienta negra* y canela*.<\/p>\n<p class=\"p1\"><strong>* Ingredientes procedentes de agricultura ecol\u00f3gica.<\/strong><\/p>\n<p class=\"p1\"><b>Vida \u00fatil: 36 meses. <\/b><\/p>\n<p><strong><u><a href=\"https:\/\/sesmans.com\/wp-content\/uploads\/2023\/01\/Es-Brava.pdf\" target=\"_blank\" rel=\"noopener noreferrer\">Ficha t\u00e9cnica<\/a><\/u><\/strong><\/p>\n","protected":false},"excerpt":{"rendered":"<p class=\"p1\">Con un toque picante, por la combinaci\u00f3n de Cayena, piment\u00f3n y pimienta negra, <strong>la Salsa Brava Sesmans<\/strong> es ideal para utilizarla de forma tradicional en las patatas, pero tambi\u00e9n puede acompa\u00f1ar carnes, pescados y verdura.<\/p>\n<p class=\"p1\">Con aceite de oliva virgen extra y tomate natural. Adem\u00e1s de ser vegana, tambi\u00e9n es apta para cel\u00edacos e intolerantes a la lactosa y al huevo.<\/p>\n","protected":false},"featured_media":1175,"template":"","meta":{"site-sidebar-layout":"default","site-content-layout":"default","ast-site-content-layout":"default","site-content-style":"default","site-sidebar-style":"default","ast-global-header-display":"","ast-banner-title-visibility":"","ast-main-header-display":"","ast-hfb-above-header-display":"","ast-hfb-below-header-display":"","ast-hfb-mobile-header-display":"","site-post-title":"","ast-breadcrumbs-content":"","ast-featured-img":"","footer-sml-layout":"","ast-disable-related-posts":"","theme-transparent-header-meta":"default","adv-header-id-meta":"","stick-header-meta":"default","header-above-stick-meta":"","header-main-stick-meta":"","header-below-stick-meta":"","astra-migrate-meta-layouts":"default","ast-page-background-enabled":"default","ast-page-background-meta":{"desktop":{"background-color":"","background-image":"","background-repeat":"repeat","background-position":"center center","background-size":"auto","background-attachment":"scroll","background-type":"","background-media":"","overlay-type":"","overlay-color":"","overlay-opacity":"","overlay-gradient":""},"tablet":{"background-color":"","background-image":"","background-repeat":"repeat","background-position":"center center","background-size":"auto","background-attachment":"scroll","background-type":"","background-media":"","overlay-type":"","overlay-color":"","overlay-opacity":"","overlay-gradient":""},"mobile":{"background-color":"","background-image":"","background-repeat":"repeat","background-position":"center center","background-size":"auto","background-attachment":"scroll","background-type":"","background-media":"","overlay-type":"","overlay-color":"","overlay-opacity":"","overlay-gradient":""}},"ast-content-background-meta":{"desktop":{"background-color":"var(--ast-global-color-5)","background-image":"","background-repeat":"repeat","background-position":"center center","background-size":"auto","background-attachment":"scroll","background-type":"","background-media":"","overlay-type":"","overlay-color":"","overlay-opacity":"","overlay-gradient":""},"tablet":{"background-color":"var(--ast-global-color-5)","background-image":"","background-repeat":"repeat","background-position":"center center","background-size":"auto","background-attachment":"scroll","background-type":"","background-media":"","overlay-type":"","overlay-color":"","overlay-opacity":"","overlay-gradient":""},"mobile":{"background-color":"var(--ast-global-color-5)","background-image":"","background-repeat":"repeat","background-position":"center center","background-size":"auto","background-attachment":"scroll","background-type":"","background-media":"","overlay-type":"","overlay-color":"","overlay-opacity":"","overlay-gradient":""}}},"product_cat":[71],"product_tag":[69,77,72,81,80],"_links":{"self":[{"href":"https:\/\/sesmans.com\/es\/wp-json\/wp\/v2\/product\/1230"}],"collection":[{"href":"https:\/\/sesmans.com\/es\/wp-json\/wp\/v2\/product"}],"about":[{"href":"https:\/\/sesmans.com\/es\/wp-json\/wp\/v2\/types\/product"}],"version-history":[{"count":4,"href":"https:\/\/sesmans.com\/es\/wp-json\/wp\/v2\/product\/1230\/revisions"}],"predecessor-version":[{"id":1336,"href":"https:\/\/sesmans.com\/es\/wp-json\/wp\/v2\/product\/1230\/revisions\/1336"}],"wp:featuredmedia":[{"embeddable":true,"href":"https:\/\/sesmans.com\/es\/wp-json\/wp\/v2\/media\/1175"}],"wp:attachment":[{"href":"https:\/\/sesmans.com\/es\/wp-json\/wp\/v2\/media?parent=1230"}],"wp:term":[{"taxonomy":"product_cat","embeddable":true,"href":"https:\/\/sesmans.com\/es\/wp-json\/wp\/v2\/product_cat?post=1230"},{"taxonomy":"product_tag","embeddable":true,"href":"https:\/\/sesmans.com\/es\/wp-json\/wp\/v2\/product_tag?post=1230"}],"curies":[{"name":"wp","href":"https:\/\/api.w.org\/{rel}","templated":true}]}}