{"id":1229,"date":"2020-06-10T18:56:17","date_gmt":"2020-06-10T18:56:17","guid":{"rendered":"https:\/\/sesmans.com\/producto\/salsa-pesto"},"modified":"2023-01-09T09:09:41","modified_gmt":"2023-01-09T09:09:41","slug":"salsa-pesto","status":"publish","type":"product","link":"https:\/\/sesmans.com\/es\/producte\/salsa-pesto\/","title":{"rendered":"SALSA PESTO"},"content":{"rendered":"<p class=\"p1\"><b>INGREDIENTES <\/b><\/p>\n<p class=\"p1\">Aceite de oliva*, agua, albahaca* (21 %), pi\u00f1ones*, vinagre de manzana*, sal, almid\u00f3n de ma\u00edz*, harina de garbanzos* y acidulante: \u00e1cido l\u00e1ctico.<\/p>\n<p class=\"p1\"><strong>* Ingredientes procedentes de agricultura ecol\u00f3gica.<\/strong><\/p>\n<p class=\"p1\"><b>Vida \u00fatil: 36 meses. <\/b><\/p>\n<p><strong><u><a href=\"https:\/\/sesmans.com\/wp-content\/uploads\/2023\/01\/Es-Pesto.pdf\" target=\"_blank\" rel=\"noopener noreferrer\">Ficha t\u00e9cnica<\/a><\/u><\/strong><\/p>\n","protected":false},"excerpt":{"rendered":"<p class=\"p1\"><strong>La Salsa Pesto Sesmans<\/strong> no tiene queso, por lo que es vegetariana y vegana. Es una de las salsas m\u00e1s cl\u00e1sicas para las pastas, pero tambi\u00e9n puede combinarse con otros tipos de platos, como las verduras a la brasa. Se trata de una salsa muy cl\u00e1sica y conocida por todos.<\/p>\n<p class=\"p1\">Sin gluten, huevo ni lactosa.<\/p>\n","protected":false},"featured_media":1180,"template":"","meta":{"site-sidebar-layout":"default","site-content-layout":"default","ast-site-content-layout":"default","site-content-style":"default","site-sidebar-style":"default","ast-global-header-display":"","ast-banner-title-visibility":"","ast-main-header-display":"","ast-hfb-above-header-display":"","ast-hfb-below-header-display":"","ast-hfb-mobile-header-display":"","site-post-title":"","ast-breadcrumbs-content":"","ast-featured-img":"","footer-sml-layout":"","ast-disable-related-posts":"","theme-transparent-header-meta":"default","adv-header-id-meta":"","stick-header-meta":"default","header-above-stick-meta":"","header-main-stick-meta":"","header-below-stick-meta":"","astra-migrate-meta-layouts":"default","ast-page-background-enabled":"default","ast-page-background-meta":{"desktop":{"background-color":"","background-image":"","background-repeat":"repeat","background-position":"center center","background-size":"auto","background-attachment":"scroll","background-type":"","background-media":"","overlay-type":"","overlay-color":"","overlay-opacity":"","overlay-gradient":""},"tablet":{"background-color":"","background-image":"","background-repeat":"repeat","background-position":"center center","background-size":"auto","background-attachment":"scroll","background-type":"","background-media":"","overlay-type":"","overlay-color":"","overlay-opacity":"","overlay-gradient":""},"mobile":{"background-color":"","background-image":"","background-repeat":"repeat","background-position":"center center","background-size":"auto","background-attachment":"scroll","background-type":"","background-media":"","overlay-type":"","overlay-color":"","overlay-opacity":"","overlay-gradient":""}},"ast-content-background-meta":{"desktop":{"background-color":"var(--ast-global-color-5)","background-image":"","background-repeat":"repeat","background-position":"center center","background-size":"auto","background-attachment":"scroll","background-type":"","background-media":"","overlay-type":"","overlay-color":"","overlay-opacity":"","overlay-gradient":""},"tablet":{"background-color":"var(--ast-global-color-5)","background-image":"","background-repeat":"repeat","background-position":"center center","background-size":"auto","background-attachment":"scroll","background-type":"","background-media":"","overlay-type":"","overlay-color":"","overlay-opacity":"","overlay-gradient":""},"mobile":{"background-color":"var(--ast-global-color-5)","background-image":"","background-repeat":"repeat","background-position":"center center","background-size":"auto","background-attachment":"scroll","background-type":"","background-media":"","overlay-type":"","overlay-color":"","overlay-opacity":"","overlay-gradient":""}}},"product_cat":[71],"product_tag":[69,77,72,81,80],"_links":{"self":[{"href":"https:\/\/sesmans.com\/es\/wp-json\/wp\/v2\/product\/1229"}],"collection":[{"href":"https:\/\/sesmans.com\/es\/wp-json\/wp\/v2\/product"}],"about":[{"href":"https:\/\/sesmans.com\/es\/wp-json\/wp\/v2\/types\/product"}],"version-history":[{"count":3,"href":"https:\/\/sesmans.com\/es\/wp-json\/wp\/v2\/product\/1229\/revisions"}],"predecessor-version":[{"id":1344,"href":"https:\/\/sesmans.com\/es\/wp-json\/wp\/v2\/product\/1229\/revisions\/1344"}],"wp:featuredmedia":[{"embeddable":true,"href":"https:\/\/sesmans.com\/es\/wp-json\/wp\/v2\/media\/1180"}],"wp:attachment":[{"href":"https:\/\/sesmans.com\/es\/wp-json\/wp\/v2\/media?parent=1229"}],"wp:term":[{"taxonomy":"product_cat","embeddable":true,"href":"https:\/\/sesmans.com\/es\/wp-json\/wp\/v2\/product_cat?post=1229"},{"taxonomy":"product_tag","embeddable":true,"href":"https:\/\/sesmans.com\/es\/wp-json\/wp\/v2\/product_tag?post=1229"}],"curies":[{"name":"wp","href":"https:\/\/api.w.org\/{rel}","templated":true}]}}