{"id":1228,"date":"2020-06-10T18:48:08","date_gmt":"2020-06-10T18:48:08","guid":{"rendered":"https:\/\/sesmans.com\/producto\/salsa-mayo-veggie"},"modified":"2023-01-09T09:42:14","modified_gmt":"2023-01-09T09:42:14","slug":"salsa-mayo-sin-huevo","status":"publish","type":"product","link":"https:\/\/sesmans.com\/es\/producte\/salsa-mayo-sin-huevo\/","title":{"rendered":"SALSA MAYO VEGGIE"},"content":{"rendered":"<p class=\"p1\"><b>INGREDIENTES <\/b><\/p>\n<p class=\"p1\">Aceite de girasol*, agua, vinagre de manzana*, zumo de lim\u00f3n*, \u00e1gave*, almid\u00f3n de ma\u00edz*, <strong>mostaza en polvo*<\/strong> , sal y estabilizadores: alginato s\u00f3dico y goma xantana*.<\/p>\n<p class=\"p1\"><strong>* Ingredientes procedentes de agricultura ecol\u00f3gica.<\/strong><\/p>\n<p class=\"p1\"><b>Vida \u00fatil: 36 meses. <\/b><\/p>\n<p><strong><u><a href=\"https:\/\/sesmans.com\/wp-content\/uploads\/2023\/01\/Es-Mayo.pdf\" target=\"_blank\" rel=\"noopener noreferrer\">Ficha t\u00e9cnica<\/a><\/u><\/strong><\/p>\n","protected":false},"excerpt":{"rendered":"<p class=\"p1\"><strong>La Salsa Mayo Veggie Sesmans<\/strong> est\u00e1 elaborada sin huevo, lo que le aporta una excelente textura, conseguida de forma natural. Adem\u00e1s de ser vegana, tambi\u00e9n es apta para cel\u00edacos e intolerantes a la lactosa y al huevo. Es el acompa\u00f1amiento perfecto para los platos m\u00e1s diversos: carnes, pescados, marisco, ensaladas fr\u00edas, verdura, etc. Encontrar\u00e1s el punto perfecto de sal.<\/p>\n","protected":false},"featured_media":1178,"template":"","meta":{"site-sidebar-layout":"default","site-content-layout":"default","ast-site-content-layout":"default","site-content-style":"default","site-sidebar-style":"default","ast-global-header-display":"","ast-banner-title-visibility":"","ast-main-header-display":"","ast-hfb-above-header-display":"","ast-hfb-below-header-display":"","ast-hfb-mobile-header-display":"","site-post-title":"","ast-breadcrumbs-content":"","ast-featured-img":"","footer-sml-layout":"","ast-disable-related-posts":"","theme-transparent-header-meta":"default","adv-header-id-meta":"","stick-header-meta":"default","header-above-stick-meta":"","header-main-stick-meta":"","header-below-stick-meta":"","astra-migrate-meta-layouts":"default","ast-page-background-enabled":"default","ast-page-background-meta":{"desktop":{"background-color":"","background-image":"","background-repeat":"repeat","background-position":"center center","background-size":"auto","background-attachment":"scroll","background-type":"","background-media":"","overlay-type":"","overlay-color":"","overlay-opacity":"","overlay-gradient":""},"tablet":{"background-color":"","background-image":"","background-repeat":"repeat","background-position":"center center","background-size":"auto","background-attachment":"scroll","background-type":"","background-media":"","overlay-type":"","overlay-color":"","overlay-opacity":"","overlay-gradient":""},"mobile":{"background-color":"","background-image":"","background-repeat":"repeat","background-position":"center center","background-size":"auto","background-attachment":"scroll","background-type":"","background-media":"","overlay-type":"","overlay-color":"","overlay-opacity":"","overlay-gradient":""}},"ast-content-background-meta":{"desktop":{"background-color":"var(--ast-global-color-5)","background-image":"","background-repeat":"repeat","background-position":"center center","background-size":"auto","background-attachment":"scroll","background-type":"","background-media":"","overlay-type":"","overlay-color":"","overlay-opacity":"","overlay-gradient":""},"tablet":{"background-color":"var(--ast-global-color-5)","background-image":"","background-repeat":"repeat","background-position":"center center","background-size":"auto","background-attachment":"scroll","background-type":"","background-media":"","overlay-type":"","overlay-color":"","overlay-opacity":"","overlay-gradient":""},"mobile":{"background-color":"var(--ast-global-color-5)","background-image":"","background-repeat":"repeat","background-position":"center center","background-size":"auto","background-attachment":"scroll","background-type":"","background-media":"","overlay-type":"","overlay-color":"","overlay-opacity":"","overlay-gradient":""}}},"product_cat":[71],"product_tag":[69,77,72,81,80],"_links":{"self":[{"href":"https:\/\/sesmans.com\/es\/wp-json\/wp\/v2\/product\/1228"}],"collection":[{"href":"https:\/\/sesmans.com\/es\/wp-json\/wp\/v2\/product"}],"about":[{"href":"https:\/\/sesmans.com\/es\/wp-json\/wp\/v2\/types\/product"}],"version-history":[{"count":3,"href":"https:\/\/sesmans.com\/es\/wp-json\/wp\/v2\/product\/1228\/revisions"}],"predecessor-version":[{"id":1340,"href":"https:\/\/sesmans.com\/es\/wp-json\/wp\/v2\/product\/1228\/revisions\/1340"}],"wp:featuredmedia":[{"embeddable":true,"href":"https:\/\/sesmans.com\/es\/wp-json\/wp\/v2\/media\/1178"}],"wp:attachment":[{"href":"https:\/\/sesmans.com\/es\/wp-json\/wp\/v2\/media?parent=1228"}],"wp:term":[{"taxonomy":"product_cat","embeddable":true,"href":"https:\/\/sesmans.com\/es\/wp-json\/wp\/v2\/product_cat?post=1228"},{"taxonomy":"product_tag","embeddable":true,"href":"https:\/\/sesmans.com\/es\/wp-json\/wp\/v2\/product_tag?post=1228"}],"curies":[{"name":"wp","href":"https:\/\/api.w.org\/{rel}","templated":true}]}}