{"id":1226,"date":"2020-06-10T18:45:01","date_gmt":"2020-06-10T18:45:01","guid":{"rendered":"https:\/\/sesmans.com\/producto\/salsa-setas"},"modified":"2023-01-09T09:53:49","modified_gmt":"2023-01-09T09:53:49","slug":"salsa-setas","status":"publish","type":"product","link":"https:\/\/sesmans.com\/es\/producte\/salsa-setas\/","title":{"rendered":"SALSA SETAS"},"content":{"rendered":"<p class=\"p1\"><b>INGREDIENTES: <\/b><\/p>\n<p class=\"p1\">Agua, shiitake (20 %)*, champi\u00f1\u00f3n (20 %)*, cebolla*, aceite de oliva*, almid\u00f3n de ma\u00edz*, sal, pasta de ajo*(ajo y sal), caldo vegetal* (sal , harina de arroz*, extracto de levadura*, vegetales* (cebolla* y ajo*), aceite de girasol* y pimienta negra*.<\/p>\n<p class=\"p1\"><strong>* Ingredientes procedentes de agricultura ecol\u00f3gica.<\/strong><\/p>\n<p class=\"p1\"><b>Vida \u00fatil: 36 meses. <\/b><\/p>\n<p><strong><u><a href=\"https:\/\/sesmans.com\/wp-content\/uploads\/2023\/01\/Es-Bolets.pdf\" target=\"_blank\" rel=\"noopener noreferrer\">Ficha t\u00e9cnica<\/a><\/u><\/strong><\/p>\n","protected":false},"excerpt":{"rendered":"<p><strong>La Salsa de Setas Sesmans<\/strong> est\u00e1 elaborada con setas shiitake y champi\u00f1ones, mediante la mezcla y molido de los ingredientes. Este tipo de seta se utiliza ampliamente en la medicina tradicional china para fortalecer el sistema inmunitario. Es la primera salsa ecol\u00f3gica de este tipo de mercado. Salsa para acompa\u00f1amientos tanto de carne como de pescado.<\/p>\n<p>Es una salsa sin gluten, lactosa ni huevo. Sus ingredientes hacen que sea vegetariana y vegana.<\/p>\n","protected":false},"featured_media":1182,"template":"","meta":{"site-sidebar-layout":"default","site-content-layout":"default","ast-site-content-layout":"default","site-content-style":"default","site-sidebar-style":"default","ast-global-header-display":"","ast-banner-title-visibility":"","ast-main-header-display":"","ast-hfb-above-header-display":"","ast-hfb-below-header-display":"","ast-hfb-mobile-header-display":"","site-post-title":"","ast-breadcrumbs-content":"","ast-featured-img":"","footer-sml-layout":"","ast-disable-related-posts":"","theme-transparent-header-meta":"default","adv-header-id-meta":"","stick-header-meta":"default","header-above-stick-meta":"","header-main-stick-meta":"","header-below-stick-meta":"","astra-migrate-meta-layouts":"default","ast-page-background-enabled":"default","ast-page-background-meta":{"desktop":{"background-color":"","background-image":"","background-repeat":"repeat","background-position":"center center","background-size":"auto","background-attachment":"scroll","background-type":"","background-media":"","overlay-type":"","overlay-color":"","overlay-opacity":"","overlay-gradient":""},"tablet":{"background-color":"","background-image":"","background-repeat":"repeat","background-position":"center center","background-size":"auto","background-attachment":"scroll","background-type":"","background-media":"","overlay-type":"","overlay-color":"","overlay-opacity":"","overlay-gradient":""},"mobile":{"background-color":"","background-image":"","background-repeat":"repeat","background-position":"center center","background-size":"auto","background-attachment":"scroll","background-type":"","background-media":"","overlay-type":"","overlay-color":"","overlay-opacity":"","overlay-gradient":""}},"ast-content-background-meta":{"desktop":{"background-color":"var(--ast-global-color-5)","background-image":"","background-repeat":"repeat","background-position":"center center","background-size":"auto","background-attachment":"scroll","background-type":"","background-media":"","overlay-type":"","overlay-color":"","overlay-opacity":"","overlay-gradient":""},"tablet":{"background-color":"var(--ast-global-color-5)","background-image":"","background-repeat":"repeat","background-position":"center center","background-size":"auto","background-attachment":"scroll","background-type":"","background-media":"","overlay-type":"","overlay-color":"","overlay-opacity":"","overlay-gradient":""},"mobile":{"background-color":"var(--ast-global-color-5)","background-image":"","background-repeat":"repeat","background-position":"center center","background-size":"auto","background-attachment":"scroll","background-type":"","background-media":"","overlay-type":"","overlay-color":"","overlay-opacity":"","overlay-gradient":""}}},"product_cat":[71],"product_tag":[69,77,72,81,80],"_links":{"self":[{"href":"https:\/\/sesmans.com\/es\/wp-json\/wp\/v2\/product\/1226"}],"collection":[{"href":"https:\/\/sesmans.com\/es\/wp-json\/wp\/v2\/product"}],"about":[{"href":"https:\/\/sesmans.com\/es\/wp-json\/wp\/v2\/types\/product"}],"version-history":[{"count":4,"href":"https:\/\/sesmans.com\/es\/wp-json\/wp\/v2\/product\/1226\/revisions"}],"predecessor-version":[{"id":1348,"href":"https:\/\/sesmans.com\/es\/wp-json\/wp\/v2\/product\/1226\/revisions\/1348"}],"wp:featuredmedia":[{"embeddable":true,"href":"https:\/\/sesmans.com\/es\/wp-json\/wp\/v2\/media\/1182"}],"wp:attachment":[{"href":"https:\/\/sesmans.com\/es\/wp-json\/wp\/v2\/media?parent=1226"}],"wp:term":[{"taxonomy":"product_cat","embeddable":true,"href":"https:\/\/sesmans.com\/es\/wp-json\/wp\/v2\/product_cat?post=1226"},{"taxonomy":"product_tag","embeddable":true,"href":"https:\/\/sesmans.com\/es\/wp-json\/wp\/v2\/product_tag?post=1226"}],"curies":[{"name":"wp","href":"https:\/\/api.w.org\/{rel}","templated":true}]}}