{"id":1225,"date":"2020-06-10T18:38:36","date_gmt":"2020-06-10T18:38:36","guid":{"rendered":"https:\/\/sesmans.com\/producto\/salsa-romesco"},"modified":"2023-01-09T09:55:17","modified_gmt":"2023-01-09T09:55:17","slug":"salsa-romesco","status":"publish","type":"product","link":"https:\/\/sesmans.com\/es\/producte\/salsa-romesco\/","title":{"rendered":"SALSA ROMESCO"},"content":{"rendered":"<p class=\"p1\"><b>INGREDIENTES: <\/b><\/p>\n<p class=\"p1\">Tomate*, aceite de oliva*, <strong>almendra*<\/strong> , <strong>avellana*<\/strong> , pasta de ajo* (ajo y sal), vinagre de manzana*, sal*, pan rallado de ma\u00edz*, almid\u00f3n de ma\u00edz*, pimienta rojo dulce*, pimienta de Cayena* y acidulante: \u00e1cido l\u00e1ctico.<\/p>\n<p class=\"p1\"><strong>* Ingredientes procedentes de agricultura ecol\u00f3gica.<\/strong><\/p>\n<p class=\"p2\"><b>Vida \u00fatil: 36 meses. <\/b><\/p>\n<p><strong><u><a href=\"https:\/\/sesmans.com\/wp-content\/uploads\/2023\/01\/Es-Romesco.pdf\" target=\"_blank\" rel=\"noopener noreferrer\">Ficha t\u00e9cnica<\/a><\/u><\/strong><\/p>\n","protected":false},"excerpt":{"rendered":"<p class=\"p1\"><strong>La Salsa Romesco Sesmans<\/strong> no contiene gluten. A diferencia del resto, est\u00e1 elaborada con pan rallado de ma\u00edz en lugar de trigo, por lo que el producto es apto tambi\u00e9n para cel\u00edacos.<\/p>\n<p class=\"p1\">Con tomate natural, contiene granito de frutos secos que le confiere una textura excelente, y ofrece todo el sabor que le dan nuestros frutos secos, como la avellana y la almendra. Es ideal para acompa\u00f1ar verduras, pescados y carnes.<\/p>\n<p class=\"p1\">Una excelente alternativa tambi\u00e9n vegana y vegetariana.<\/p>\n","protected":false},"featured_media":1181,"template":"","meta":{"site-sidebar-layout":"default","site-content-layout":"default","ast-site-content-layout":"default","site-content-style":"default","site-sidebar-style":"default","ast-global-header-display":"","ast-banner-title-visibility":"","ast-main-header-display":"","ast-hfb-above-header-display":"","ast-hfb-below-header-display":"","ast-hfb-mobile-header-display":"","site-post-title":"","ast-breadcrumbs-content":"","ast-featured-img":"","footer-sml-layout":"","ast-disable-related-posts":"","theme-transparent-header-meta":"default","adv-header-id-meta":"","stick-header-meta":"default","header-above-stick-meta":"","header-main-stick-meta":"","header-below-stick-meta":"","astra-migrate-meta-layouts":"default","ast-page-background-enabled":"default","ast-page-background-meta":{"desktop":{"background-color":"","background-image":"","background-repeat":"repeat","background-position":"center center","background-size":"auto","background-attachment":"scroll","background-type":"","background-media":"","overlay-type":"","overlay-color":"","overlay-opacity":"","overlay-gradient":""},"tablet":{"background-color":"","background-image":"","background-repeat":"repeat","background-position":"center center","background-size":"auto","background-attachment":"scroll","background-type":"","background-media":"","overlay-type":"","overlay-color":"","overlay-opacity":"","overlay-gradient":""},"mobile":{"background-color":"","background-image":"","background-repeat":"repeat","background-position":"center center","background-size":"auto","background-attachment":"scroll","background-type":"","background-media":"","overlay-type":"","overlay-color":"","overlay-opacity":"","overlay-gradient":""}},"ast-content-background-meta":{"desktop":{"background-color":"var(--ast-global-color-5)","background-image":"","background-repeat":"repeat","background-position":"center center","background-size":"auto","background-attachment":"scroll","background-type":"","background-media":"","overlay-type":"","overlay-color":"","overlay-opacity":"","overlay-gradient":""},"tablet":{"background-color":"var(--ast-global-color-5)","background-image":"","background-repeat":"repeat","background-position":"center center","background-size":"auto","background-attachment":"scroll","background-type":"","background-media":"","overlay-type":"","overlay-color":"","overlay-opacity":"","overlay-gradient":""},"mobile":{"background-color":"var(--ast-global-color-5)","background-image":"","background-repeat":"repeat","background-position":"center center","background-size":"auto","background-attachment":"scroll","background-type":"","background-media":"","overlay-type":"","overlay-color":"","overlay-opacity":"","overlay-gradient":""}}},"product_cat":[71],"product_tag":[69,77,72,81,80],"_links":{"self":[{"href":"https:\/\/sesmans.com\/es\/wp-json\/wp\/v2\/product\/1225"}],"collection":[{"href":"https:\/\/sesmans.com\/es\/wp-json\/wp\/v2\/product"}],"about":[{"href":"https:\/\/sesmans.com\/es\/wp-json\/wp\/v2\/types\/product"}],"version-history":[{"count":3,"href":"https:\/\/sesmans.com\/es\/wp-json\/wp\/v2\/product\/1225\/revisions"}],"predecessor-version":[{"id":1346,"href":"https:\/\/sesmans.com\/es\/wp-json\/wp\/v2\/product\/1225\/revisions\/1346"}],"wp:featuredmedia":[{"embeddable":true,"href":"https:\/\/sesmans.com\/es\/wp-json\/wp\/v2\/media\/1181"}],"wp:attachment":[{"href":"https:\/\/sesmans.com\/es\/wp-json\/wp\/v2\/media?parent=1225"}],"wp:term":[{"taxonomy":"product_cat","embeddable":true,"href":"https:\/\/sesmans.com\/es\/wp-json\/wp\/v2\/product_cat?post=1225"},{"taxonomy":"product_tag","embeddable":true,"href":"https:\/\/sesmans.com\/es\/wp-json\/wp\/v2\/product_tag?post=1225"}],"curies":[{"name":"wp","href":"https:\/\/api.w.org\/{rel}","templated":true}]}}