{"id":1218,"date":"2020-07-13T12:21:59","date_gmt":"2020-07-13T12:21:59","guid":{"rendered":"https:\/\/sesmans.com\/politica-de-cookies"},"modified":"2023-01-03T12:15:07","modified_gmt":"2023-01-03T12:15:07","slug":"politica-de-cookies","status":"publish","type":"page","link":"https:\/\/sesmans.com\/es\/politica-de-cookies\/","title":{"rendered":"Pol\u00edtica de cookies"},"content":{"rendered":"\n<h2 class=\"has-text-align-center wp-block-heading\"><strong>POL\u00cdTICA DE COOKIES<\/strong><\/h2>\n\n<div style=\"height:100px\" aria-hidden=\"true\" class=\"wp-block-spacer\"><\/div>\n\n<h3 class=\"wp-block-heading\"><strong>INFORMACI\u00d3N SOBRE<\/strong> <em><strong>COOKIES<\/strong><\/em><\/h3>\n\n<p>Debido a la entrada en vigor de la referente modificaci\u00f3n de la \u201cLey de Servicios de la Sociedad de la Informaci\u00f3n\u201d (LSSICE) establecida por el Real Decreto 13\/2012, es de obligaci\u00f3n obtener el consentimiento expreso del usuario de todas las p\u00e1ginas web que usan <em>cookies<\/em> prescindibles, antes de que \u00e9ste navegue por ellas.<\/p>\n\n<h3 class=\"wp-block-heading\"><strong>\u00bfQU\u00c9 SON LAS <em>COOKIES<\/em> ?<\/strong><\/h3>\n\n<p>Las <em>cookies<\/em> y otras tecnolog\u00edas similares como local shared objects, flash <em>cookies<\/em> o p\u00edxeles, son herramientas utilizadas por los servidores Web para almacenar y recuperar informaci\u00f3n sobre sus visitantes, as\u00ed como para ofrecer un correcto funcionamiento del sitio.<\/p>\n\n<p>Mediante el uso de estos dispositivos se permite al servidor Web recordar algunos datos concernientes al usuario, como sus preferencias para la visualizaci\u00f3n de las p\u00e1ginas de ese servidor, nombre y contrase\u00f1a, productos que m\u00e1s le interesan, etc.<\/p>\n\n<h3 class=\"wp-block-heading\"><strong><em>COOKIES<\/em> AFECTADAS POR LA NORMATIVA Y <em>COOKIES<\/em> EXCEPTUADAS<\/strong><\/h3>\n\n<p>Seg\u00fan la directiva de la UE, las <em>cookies<\/em> que requieren el consentimiento informado por parte del usuario son las <em>cookies<\/em> anal\u00edticas y las de publicidad y afiliaci\u00f3n, quedando exceptuadas las de car\u00e1cter t\u00e9cnico y las necesarias para el funcionamiento del sitio web o la prestaci\u00f3n de servicios expresamente solicitados por el usuario.<\/p>\n\n<h3 class=\"wp-block-heading\"><strong>\u00bfQU\u00c9 TIPO DE <em>COOKIES<\/em> EXISTEN?<\/strong><\/h3>\n\n<p>Sobre los tipos de <em>cookies<\/em> , existen cinco grandes grupos:<\/p>\n\n<ul><li><em>Cookies<\/em> anal\u00edticas: recogen informaci\u00f3n sobre el uso que se realiza del sitio web.<\/li><li><em>Cookies sociales: son aqu\u00e9llas necesarias para redes sociales externas.<\/em><\/li><li><em>Cookies<\/em> de afiliados: permiten realizar un seguimiento de las visitas procedentes de otras webs, con las que el sitio web establece un contrato de afiliaci\u00f3n (empresas de afiliaci\u00f3n).<\/li><li><em>Cookies<\/em> de publicidad y comportamentales: recogen informaci\u00f3n sobre las preferencias y elecciones personales del usuario (retargeting).<\/li><li><em>Cookies<\/em> t\u00e9cnicas y funcionales: son las estrictamente necesarias para el uso del sitio web y para la prestaci\u00f3n del servicio contratado.<\/li><\/ul>\n<p> <\/p>\n\n<h3 class=\"wp-block-heading\"><em><strong>COOKIES<\/strong><\/em> <strong>QUE SE UTILIZAN EN ESTE SITIO WEB<\/strong><\/h3>\n\n<ul><li><strong>__cfduid<\/strong> usada con el fin de conocer el tr\u00e1fico en la web<\/li><li><strong>frontend Almacena un ID de ejecuci\u00f3n que se encuentra en un servidor que puede ser usado como una identificaci\u00f3n de usuario<\/strong><\/li><li><strong>frontend_cid<\/strong> almacena un id aleatorio que garantiza que el usuario pueda ser identificado como invitado \u00fanico o logeado como usuario \u00fanico en p\u00e1ginas encriptadas<\/li><li><strong>TawkWindowName<\/strong> funcionalidad del chat<\/li><li><strong>_ga<\/strong> : <em>cookie<\/em> de Google Analytics que habilita la funci\u00f3n de control de visitas \u00fanicas. La primera vez que un usuario entre en el sitio web a trav\u00e9s de un navegador se instalar\u00e1 esta <em>cookie<\/em>. Cuando este usuario vuelva a entrar en la web con el mismo navegador, la <em>cookie<\/em> considerar\u00e1 que es el mismo usuario. Solo en el caso de que el usuario cambie de navegador, se considerar\u00e1 otro usuario. Caduca a los 2 a\u00f1os desde la \u00faltima actualizaci\u00f3n. M\u00e1s informaci\u00f3n del tratamiento realizado por Google Analytics <strong><a href=\"https:\/\/www.google.com\/intl\/es_ALL\/analytics\/learn\/privacy.html\" target=\"_blank\" rel=\"noreferrer noopener\">aqu\u00ed<\/a><\/strong>.<\/li><li>_<strong>gat<\/strong>: Esta <em>cookie<\/em> se asocia con Google Analytics. Se utiliza para limitar la velocidad de petici\u00f3n &#8211; la limitaci\u00f3n de la recogida de datos en los sitios de alto tr\u00e1fico. Caduca a los 10 minutos.<\/li><li><strong>_gid:<\/strong> Esta <em>cookie<\/em> se asocia con Google Analytics. Se utiliza para distinguir a los usuarios. Caduca a las 24 horas.<\/li><li><strong>TawkConnectionTime<\/strong> permite al sitio web reconocer al visitante a fin de optimizar la funcionalidad del chat<\/li><li><strong>tawkUUID<\/strong> permite recoger informaci\u00f3n de c\u00f3mo interact\u00faa el visitante con la funcion del chat live en el sitio web<\/li><li><strong>_gcl_au<\/strong> usado por google AdSense para evaluar la eficiencia de la publicidad en los sitios web<\/li><li><strong>ads\/ga-audiences<\/strong> usado por Google Adwords para reenganchar a los visitantes que visitan las webs.<\/li><li><strong>__tawkuuid<\/strong> identifica al usuario por su log de entrada con el fin de ofrecer asistencia online<\/li><li><strong>amscroll_top <\/strong><\/li><li><strong>feliu_cookie_fixed<\/strong><\/li><li><strong>navigationTime<\/strong><\/li><li><strong>registermodal<\/strong><\/li><li><strong>ss<\/strong><\/li><li><strong>PHPSESSID<\/strong> : <em>cookie<\/em> t\u00e9cnica y estrictamente necesaria que contiene el identificador de la sesi\u00f3n. Se elimina al cerrar el navegador.<\/li><li><strong>_lang<\/strong>: <em>cookie<\/em> t\u00e9cnica y estrictamente necesaria que contiene el idioma de la sesi\u00f3n. Se elimina al cerrar el navegador.<\/li><li><strong>ac_cookies<\/strong>: <em>cookie<\/em> t\u00e9cnica y estrictamente necesaria que contiene el valor de si se ha aceptado la instalaci\u00f3n de cookies. Caduca en 1 a\u00f1o desde la \u00faltima actualizaci\u00f3n.<br\/><\/li><\/ul>\n<h3 class=\"wp-block-heading\"><strong>REVOCACI\u00d3N DEL CONSENTIMIENTO PARA INSTALAR <em>COOKIES<\/em><\/strong><\/h3>\n\n<h4 class=\"wp-block-heading\"><strong>C\u00d3MO ELIMINAR LAS <em>COOKIES<\/em> DEL NAVEGADOR<\/strong><\/h4>\n\n<p><strong>Chrome<\/strong><\/p>\n\n<p>1. Selecciona el icono de Herramientas<br\/>2. Haz clic en Configuraci\u00f3n.<br\/>3. Haz clic en Mostrar Opciones Avanzadas.<br\/>4. En la secci\u00f3n &#8220;Privacidad&#8221; haz clic en Configuraci\u00f3n de contenido.<br\/> \u2022 Eliminar cookies: Haz clic en Todas las cookies y los datos de sitios\u2026<br\/> \u2022 No permitir que se almacenen cookies.<br\/>5. Haz clic en Eliminar datos de navegaci\u00f3n (vaciar la Cach\u00e9).<br\/>6. Cierra y reinicia el navegador.<\/p>\n\n<p>Para m\u00e1s informaci\u00f3n sobre Chrome pulse aqu\u00ed: <a href=\"http:\/\/support.google.com\/chrome\/answer\/95647?hl=es\">http:\/\/support.google.com\/chrome\/answer\/95647?hl=es<\/a><\/p>\n\n<p><br\/><strong>Internet Explorer. Versi\u00f3n 11<\/strong><\/p>\n\n<p>1. Selecciona Herramientas | Opciones de Internet.<br\/>2. Haz clic en la ficha General.<br\/>3. En la secci\u00f3n &#8220;Historial de exploraci\u00f3n&#8221;, haz clic en Eliminar el historial de exploraci\u00f3n al salir.<br\/>4. Seleccionar Eliminar archivos.<br\/>5. Seleccionar Eliminar cookies.<br\/>6. Haz clic en Eliminar.<br\/>7. Haz clic en Aceptar.<br\/>8. Cierra y reinicia el navegador.<\/p>\n\n<p>Para m\u00e1s informaci\u00f3n sobre Internet Explorer pulse aqu\u00ed: <a href=\"https:\/\/support.microsoft.com\/es-es\/kb\/278835\" class=\"broken_link\">https:\/\/support.microsoft.com\/es-es\/kb\/278835<\/a><\/p>\n\n<p><br\/><strong>Firefox. Versi\u00f3n 18<\/strong><\/p>\n\n<p>1. Selecciona Firefox | Historial | Limpiar el historial reciente.<br\/>2. Junto a &#8220;Detalle&#8221;, haz clic en la flecha hacia abajo.<br\/>3. Selecciona las siguientes casillas de verificaci\u00f3n: Cookies, Cach\u00e9, Inicios de sesi\u00f3n activos<br\/>4. Usando el &#8220;Intervalo de tiempo para borrar&#8221; en el men\u00fa desplegable, selecciona Todo.<br\/>5. Haz clic en Borrar ahora.<br\/>6. Cierra y reinicia el navegador.<\/p>\n\n<p>Puede aceptar o rechazar las cookies individualmente en las Preferencias de Firefox, en la secci\u00f3n Historial disponible en Herramientas &gt; Opciones &gt; Privacidad.<\/p>\n\n<p>Para m\u00e1s informaci\u00f3n sobre Mozilla Firefox pulse aqu\u00ed: <a href=\"https:\/\/www.mozilla.org\/es-ES\/privacy\/websites\/#cookies\">https:\/\/www.mozilla.org\/es-ES\/privacy\/websites\/#cookies<\/a><\/p>\n\n<p><br\/><strong>Safari Versi\u00f3n 5.1<\/strong><\/p>\n\n<p>1. Selecciona el icono de Safari \/ Editar | Restaurar Safari.<br\/>2. Selecciona las siguientes casillas de verificaci\u00f3n: Borrar el historial, Eliminar todos los datos de sitio web<br\/>3. Haz clic en Restablecer.<br\/>4. Cierra y reinicia el navegador.<\/p>\n\n<p>Para m\u00e1s informaci\u00f3n sobre Safari pulse aqu\u00ed: <a href=\"http:\/\/support.apple.com\/kb\/PH5042\">http:\/\/support.apple.com\/kb\/PH5042<\/a><\/p>\n\n<p><br\/><strong>Opera<\/strong><\/p>\n\n<p>Opciones &#8211; Avanzado &#8211; Cookies.<br\/>Las opciones de cookies controlan la forma en que Opera los maneja y por tanto su aceptaci\u00f3n o rechazo.<\/p>\n\n<p>Para m\u00e1s informaci\u00f3n sobre \u00d3pera pulse aqu\u00ed: <a href=\"http:\/\/help.opera.com\/Linux\/10.60\/es-ES\/cookies.html\">http:\/\/help.opera.com\/Linux\/10.60\/es-ES\/cookies.html<\/a><\/p>\n\n<p><br\/><strong>Otros navegadores<\/strong><\/p>\n\n<p>Consulte la documentaci\u00f3n del navegador que tenga instalado.<\/p>\n","protected":false},"excerpt":{"rendered":"<p>POL\u00cdTICA DE COOKIES INFORMACI\u00d3N SOBRE COOKIES Debido a la entrada en vigor de la referente modificaci\u00f3n de la \u201cLey de Servicios de la Sociedad de la Informaci\u00f3n\u201d (LSSICE) establecida por el Real Decreto 13\/2012, es de obligaci\u00f3n obtener el consentimiento expreso del usuario de todas las p\u00e1ginas web que usan cookies prescindibles, antes de que [&hellip;]<\/p>\n","protected":false},"author":1,"featured_media":0,"parent":0,"menu_order":0,"comment_status":"closed","ping_status":"closed","template":"","meta":{"site-sidebar-layout":"default","site-content-layout":"default","ast-site-content-layout":"default","site-content-style":"default","site-sidebar-style":"default","ast-global-header-display":"","ast-banner-title-visibility":"","ast-main-header-display":"","ast-hfb-above-header-display":"","ast-hfb-below-header-display":"","ast-hfb-mobile-header-display":"","site-post-title":"disabled","ast-breadcrumbs-content":"","ast-featured-img":"","footer-sml-layout":"","ast-disable-related-posts":"","theme-transparent-header-meta":"default","adv-header-id-meta":"","stick-header-meta":"","header-above-stick-meta":"","header-main-stick-meta":"","header-below-stick-meta":"","astra-migrate-meta-layouts":"default","ast-page-background-enabled":"default","ast-page-background-meta":{"desktop":{"background-color":"","background-image":"","background-repeat":"repeat","background-position":"center center","background-size":"auto","background-attachment":"scroll","background-type":"","background-media":"","overlay-type":"","overlay-color":"","overlay-opacity":"","overlay-gradient":""},"tablet":{"background-color":"","background-image":"","background-repeat":"repeat","background-position":"center center","background-size":"auto","background-attachment":"scroll","background-type":"","background-media":"","overlay-type":"","overlay-color":"","overlay-opacity":"","overlay-gradient":""},"mobile":{"background-color":"","background-image":"","background-repeat":"repeat","background-position":"center center","background-size":"auto","background-attachment":"scroll","background-type":"","background-media":"","overlay-type":"","overlay-color":"","overlay-opacity":"","overlay-gradient":""}},"ast-content-background-meta":{"desktop":{"background-color":"var(--ast-global-color-5)","background-image":"","background-repeat":"repeat","background-position":"center center","background-size":"auto","background-attachment":"scroll","background-type":"","background-media":"","overlay-type":"","overlay-color":"","overlay-opacity":"","overlay-gradient":""},"tablet":{"background-color":"var(--ast-global-color-5)","background-image":"","background-repeat":"repeat","background-position":"center center","background-size":"auto","background-attachment":"scroll","background-type":"","background-media":"","overlay-type":"","overlay-color":"","overlay-opacity":"","overlay-gradient":""},"mobile":{"background-color":"var(--ast-global-color-5)","background-image":"","background-repeat":"repeat","background-position":"center center","background-size":"auto","background-attachment":"scroll","background-type":"","background-media":"","overlay-type":"","overlay-color":"","overlay-opacity":"","overlay-gradient":""}},"footnotes":""},"_links":{"self":[{"href":"https:\/\/sesmans.com\/es\/wp-json\/wp\/v2\/pages\/1218"}],"collection":[{"href":"https:\/\/sesmans.com\/es\/wp-json\/wp\/v2\/pages"}],"about":[{"href":"https:\/\/sesmans.com\/es\/wp-json\/wp\/v2\/types\/page"}],"author":[{"embeddable":true,"href":"https:\/\/sesmans.com\/es\/wp-json\/wp\/v2\/users\/1"}],"replies":[{"embeddable":true,"href":"https:\/\/sesmans.com\/es\/wp-json\/wp\/v2\/comments?post=1218"}],"version-history":[{"count":3,"href":"https:\/\/sesmans.com\/es\/wp-json\/wp\/v2\/pages\/1218\/revisions"}],"predecessor-version":[{"id":1293,"href":"https:\/\/sesmans.com\/es\/wp-json\/wp\/v2\/pages\/1218\/revisions\/1293"}],"wp:attachment":[{"href":"https:\/\/sesmans.com\/es\/wp-json\/wp\/v2\/media?parent=1218"}],"curies":[{"name":"wp","href":"https:\/\/api.w.org\/{rel}","templated":true}]}}