{"id":1215,"date":"2020-12-30T10:18:28","date_gmt":"2020-12-30T10:18:28","guid":{"rendered":"https:\/\/sesmans.com\/aviso-legal"},"modified":"2023-01-03T12:26:28","modified_gmt":"2023-01-03T12:26:28","slug":"aviso-legal","status":"publish","type":"page","link":"https:\/\/sesmans.com\/es\/aviso-legal\/","title":{"rendered":"Aviso legal"},"content":{"rendered":"\n<h2 class=\"has-text-align-center wp-block-heading\">Aviso legal<\/h2>\n\n<div style=\"height:100px\" aria-hidden=\"true\" class=\"wp-block-spacer\"><\/div>\n\n<p>Denominaci\u00f3n Social: ECO ALIMENT INICIATIVES, S.L.<br\/>Domicilio Social: C\/ GIRONA 107, 08203-SABADELL<br\/>NIF: B64902802<br\/>Tel\u00e9fono: 607295130<br\/>e-mail: ECO.ALIMENT.INICIATIVES@GMAIL.COM<br\/>Nombre de dominio: <a rel=\"noreferrer noopener\" href=\"https:\/\/sesmans.com\/es\" target=\"_blank\">https:\/\/sesmans.com\/<\/a><br\/>e-mail tienda En l\u00ednea: <a rel=\"noreferrer noopener\" href=\"mailto:sesmans@sesmans.com\" target=\"_blank\">sesmans@sesmans.com<\/a><br\/>Autorizaci\u00f3n administrativa:<\/p>\n\n<h3 class=\"wp-block-heading\"><strong>OBJETO<\/strong><\/h3>\n\n<p>El prestamista, responsable del sitio web, pone a disposici\u00f3n de los usuarios el presente documento con el que pretende dar cumplimiento a las obligaciones dispuestas en la Ley 34\/2002, de Servicios de la Sociedad de la Informaci\u00f3n y del Comercio Electr\u00f3nico (LSSI-CE ), as\u00ed como informar a todos los usuarios del sitio web respecto a cu\u00e1les son las condiciones de uso del sitio web.<br\/>Toda persona que acceda a este sitio web asume el papel de usuario, comprometi\u00e9ndose a la observancia y riguroso cumplimiento de las disposiciones aqu\u00ed dispuestas, as\u00ed como a cualesquiera otra disposici\u00f3n legal que fuera aplicable.<br\/>El prestamista se reserva el derecho a modificar cualquier tipo de informaci\u00f3n que pudiera aparecer en el sitio web, sin que exista obligaci\u00f3n de preavisar o poner en conocimiento de los usuarios estas obligaciones, entendi\u00e9ndose como suficiente con la publicaci\u00f3n en el sitio web del prestamista.<\/p>\n\n<h3 class=\"wp-block-heading\"><strong>RESPONSABILIDAD<\/strong><\/h3>\n\n<p>El prestamista se exime de cualquier tipo de responsabilidad derivada de la informaci\u00f3n publicada en su sitio web, siempre que dicha informaci\u00f3n haya sido manipulada o introducida por un tercero ajeno al mismo.<br\/>Desde el sitio web del cliente es posible que se redirija a contenidos de terceros sitios web. Dado que el prestamista no puede controlar siempre los contenidos introducidos por los terceros en sus sitios web, \u00e9ste no asume ning\u00fan tipo de responsabilidad respecto a estos contenidos. En todo caso, el prestamista manifiesta que proceder\u00e1 a la retirada inmediata de cualquier contenido que pudiera contravenir la legislaci\u00f3n nacional o internacional, la moral o el orden p\u00fablico, procediendo a la retirada inmediata de la redirecci\u00f3n a este sitio web, poniendo en conocimiento de las autoridades competentes el contenido en cuesti\u00f3n.<br\/>El prestamista no se hace responsable de la informaci\u00f3n y contenidos almacenados, a t\u00edtulo enunciativo pero no limitativo, en foros, chats, generadores de blogs, comentarios, redes sociales o cualesquiera otro medio que permita a terceros publicar contenidos de manera independiente en la p\u00e1gina web del prestamista. Sin embargo y en cumplimiento de lo dispuesto en el art. 11 y 16 de la LSSI-CE, el prestamista se pone a disposici\u00f3n de todos los usuarios, autoridades y fuerzas de seguridad, y colaborando de forma activa en la retirada o en su caso bloqueo de todos aquellos contenidos que pudieran afectar o contravenir la legislaci\u00f3n nacional, o internacional, derechos de terceros o la moral y el orden p\u00fablico. En caso de que el usuario considere que existe en el sitio web alg\u00fan contenido que pudiera ser susceptible de esta clasificaci\u00f3n, se ruega lo notifique de forma inmediata al administrador del sitio web.<br\/>Este sitio web ha sido revisado y probado para que funcione correctamente. En principio, puede garantizarse su correcto funcionamiento los 365 d\u00edas del a\u00f1o, 24 horas al d\u00eda. No obstante, el prestamista no descarta la posibilidad de que existan ciertos errores de programaci\u00f3n, o que se conviertan en causas de fuerza mayor, cat\u00e1strofes naturales, huelgas, o circunstancias similares que hagan imposible el acceso a la p\u00e1gina web.<\/p>\n\n<h3 class=\"wp-block-heading\"><strong>PROTECCI\u00d3N DE DATOS PERSONALES<\/strong><\/h3>\n\n<p>El prestamista se encuentra profundamente comprometido con el cumplimiento de la normativa espa\u00f1ola de protecci\u00f3n de datos de car\u00e1cter personal, garantizando el cumplimiento \u00edntegro de las obligaciones, as\u00ed como la implementaci\u00f3n de las medidas de seguridad dispuestas en el REGLAMENTO (UE) 2016\/679 DEL PARLAMENTO EUROPEO Y DEL CONSEJO de 27 de abril de 2016 relativo a la protecci\u00f3n de las personas f\u00edsicas en cuanto al tratamiento de datos personales ya la libre circulaci\u00f3n de estos datos (RGPD) y en la Ley org\u00e1nica 3\/2018, de 5 de diciembre, de protecci\u00f3n de datos personales y garant\u00eda de los derechos digitales. El prestamista pone a disposici\u00f3n de los usuarios la Pol\u00edtica de Privacidad de la entidad informando a los usuarios seg\u00fan lo especificado en los art\u00edculos 13 y 14 del RGPD, relativos al derecho de informaci\u00f3n de las personas interesadas.<\/p>\n\n<h3 class=\"wp-block-heading\"><strong>PROPIEDAD INTELECTUAL E INDUSTRIAL<\/strong><\/h3>\n\n<p>El sitio web, incluyendo a t\u00edtulo enunciativo pero no limitativo su programaci\u00f3n, edici\u00f3n, compilaci\u00f3n y otros elementos necesarios para su funcionamiento, los dise\u00f1os, logotipos, texto y\/o gr\u00e1ficos son propiedad del prestamista o en su caso dispone de licencia o autorizaci\u00f3n expresa por parte de los autores. Todos los contenidos del sitio web se encuentran debidamente protegidos por la normativa de propiedad intelectual e industrial, as\u00ed como inscritos en los registros p\u00fablicos correspondientes.<br\/>Independientemente de la finalidad para la que fuesen destinados, la reproducci\u00f3n total o parcial, uso, explotaci\u00f3n, distribuci\u00f3n y comercializaci\u00f3n, requiere en todo caso de la autorizaci\u00f3n escrita previa por parte del prestamista. Cualquier uso no autorizado previamente por parte del prestamista ser\u00e1 considerado un incumplimiento grave de los derechos de propiedad intelectual o industrial del autor.<br\/>Los dise\u00f1os, logotipos, texto y\/o gr\u00e1ficos ajenos al prestamista y que pudieran aparecer en el sitio web, pertenecen a sus respectivos propietarios, siendo ellos mismos responsables de cualquier posible controversia que pudiera suscitarse respecto a \u00e9stos. En todo caso, el prestamista cuenta con la autorizaci\u00f3n expresa y previa por parte de \u00e9stos.<br\/>El prestamista reconoce a favor de sus titulares los correspondientes derechos de propiedad industrial e intelectual, no implicando su sola menci\u00f3n o aparici\u00f3n en el sitio web la existencia de derechos o responsabilidad alguna del prestamista sobre \u00e9stos, como tampoco apoyo, patrocinio o recomendaci\u00f3n por parte de \u00e9ste.<br\/>Para realizar cualquier tipo de observaci\u00f3n respecto a posibles incumplimientos de los derechos de propiedad intelectual o industrial, as\u00ed como sobre cualquiera de los contenidos del sitio web, puede realizarlo a trav\u00e9s del siguiente correo electr\u00f3nico <a rel=\"noreferrer noopener\" href=\"mailto:ECO.ALIMENT.INICIATIVES@GMAIL.COM\" target=\"_blank\">ECO.ALIMENT.INICIATIVES@GMAIL.COM<\/a>.<\/p>\n\n<h3 class=\"wp-block-heading\"><strong>CONDICIONES GENERALES DE VENTA<\/strong><\/h3>\n\n<p>Puede consultar nuestra p\u00e1gina con las Condiciones de la Venta (Precios, garant\u00edas, formas de pago, env\u00edos, devoluciones, etc.)<\/p>\n\n<h3 class=\"wp-block-heading\"><strong>COOKIES<\/strong><\/h3>\n\n<p>El sitio web del prestamista puede utilizar cookies (peque\u00f1os archivos de informaci\u00f3n que el servidor env\u00eda al ordenador de quien accede a la p\u00e1gina) para llevar a cabo determinadas funciones que son consideradas imprescindibles para el correcto funcionamiento y visualizaci\u00f3n del sitio.<br\/>Puede consultar toda la informaci\u00f3n sobre las cookies en nuestra P\u00e1gina de cookies.<\/p>\n\n<h3 class=\"wp-block-heading\"><strong>LEY APLICABLE Y JURISDICCI\u00d3N<\/strong><\/h3>\n\n<p>Para la resoluci\u00f3n de todas las controversias o cuestiones relacionadas con el presente sitio web o de las actividades en \u00e9l desarrolladas, ser\u00e1 de aplicaci\u00f3n la legislaci\u00f3n espa\u00f1ola, a la que se someten expresamente las partes, siendo competentes para la resoluci\u00f3n de todos los conflictos derivados o relacionados con su uso los Juzgados y Tribunales de SABADELL.<\/p>\n","protected":false},"excerpt":{"rendered":"<p>Aviso legal Denominaci\u00f3n Social: ECO ALIMENT INICIATIVES, S.L.Domicilio Social: C\/ GIRONA 107, 08203-SABADELLNIF: B64902802Tel\u00e9fono: 607295130e-mail: ECO.ALIMENT.INICIATIVES@GMAIL.COMNombre de dominio: https:\/\/sesmans.com\/e-mail tienda En l\u00ednea: sesmans@sesmans.comAutorizaci\u00f3n administrativa: OBJETO El prestamista, responsable del sitio web, pone a disposici\u00f3n de los usuarios el presente documento con el que pretende dar cumplimiento a las obligaciones dispuestas en la Ley 34\/2002, de [&hellip;]<\/p>\n","protected":false},"author":1,"featured_media":0,"parent":0,"menu_order":0,"comment_status":"closed","ping_status":"closed","template":"","meta":{"site-sidebar-layout":"default","site-content-layout":"default","ast-site-content-layout":"default","site-content-style":"default","site-sidebar-style":"default","ast-global-header-display":"","ast-banner-title-visibility":"","ast-main-header-display":"","ast-hfb-above-header-display":"","ast-hfb-below-header-display":"","ast-hfb-mobile-header-display":"","site-post-title":"disabled","ast-breadcrumbs-content":"","ast-featured-img":"","footer-sml-layout":"","ast-disable-related-posts":"","theme-transparent-header-meta":"default","adv-header-id-meta":"","stick-header-meta":"default","header-above-stick-meta":"","header-main-stick-meta":"","header-below-stick-meta":"","astra-migrate-meta-layouts":"default","ast-page-background-enabled":"default","ast-page-background-meta":{"desktop":{"background-color":"","background-image":"","background-repeat":"repeat","background-position":"center center","background-size":"auto","background-attachment":"scroll","background-type":"","background-media":"","overlay-type":"","overlay-color":"","overlay-opacity":"","overlay-gradient":""},"tablet":{"background-color":"","background-image":"","background-repeat":"repeat","background-position":"center center","background-size":"auto","background-attachment":"scroll","background-type":"","background-media":"","overlay-type":"","overlay-color":"","overlay-opacity":"","overlay-gradient":""},"mobile":{"background-color":"","background-image":"","background-repeat":"repeat","background-position":"center center","background-size":"auto","background-attachment":"scroll","background-type":"","background-media":"","overlay-type":"","overlay-color":"","overlay-opacity":"","overlay-gradient":""}},"ast-content-background-meta":{"desktop":{"background-color":"var(--ast-global-color-5)","background-image":"","background-repeat":"repeat","background-position":"center center","background-size":"auto","background-attachment":"scroll","background-type":"","background-media":"","overlay-type":"","overlay-color":"","overlay-opacity":"","overlay-gradient":""},"tablet":{"background-color":"var(--ast-global-color-5)","background-image":"","background-repeat":"repeat","background-position":"center center","background-size":"auto","background-attachment":"scroll","background-type":"","background-media":"","overlay-type":"","overlay-color":"","overlay-opacity":"","overlay-gradient":""},"mobile":{"background-color":"var(--ast-global-color-5)","background-image":"","background-repeat":"repeat","background-position":"center center","background-size":"auto","background-attachment":"scroll","background-type":"","background-media":"","overlay-type":"","overlay-color":"","overlay-opacity":"","overlay-gradient":""}},"footnotes":""},"_links":{"self":[{"href":"https:\/\/sesmans.com\/es\/wp-json\/wp\/v2\/pages\/1215"}],"collection":[{"href":"https:\/\/sesmans.com\/es\/wp-json\/wp\/v2\/pages"}],"about":[{"href":"https:\/\/sesmans.com\/es\/wp-json\/wp\/v2\/types\/page"}],"author":[{"embeddable":true,"href":"https:\/\/sesmans.com\/es\/wp-json\/wp\/v2\/users\/1"}],"replies":[{"embeddable":true,"href":"https:\/\/sesmans.com\/es\/wp-json\/wp\/v2\/comments?post=1215"}],"version-history":[{"count":3,"href":"https:\/\/sesmans.com\/es\/wp-json\/wp\/v2\/pages\/1215\/revisions"}],"predecessor-version":[{"id":1297,"href":"https:\/\/sesmans.com\/es\/wp-json\/wp\/v2\/pages\/1215\/revisions\/1297"}],"wp:attachment":[{"href":"https:\/\/sesmans.com\/es\/wp-json\/wp\/v2\/media?parent=1215"}],"curies":[{"name":"wp","href":"https:\/\/api.w.org\/{rel}","templated":true}]}}