{"id":1210,"date":"2020-06-10T12:30:24","date_gmt":"2020-06-10T12:30:24","guid":{"rendered":"https:\/\/sesmans.com\/politica-de-privacidad"},"modified":"2023-01-03T11:01:07","modified_gmt":"2023-01-03T11:01:07","slug":"politica-de-privacidad","status":"publish","type":"page","link":"https:\/\/sesmans.com\/es\/politica-de-privacidad\/","title":{"rendered":"Pol\u00edtica de privacidad"},"content":{"rendered":"\n<h2 class=\"has-text-align-center wp-block-heading\">Pol\u00edtica de privacidad<\/h2>\n\n<div style=\"height:100px\" aria-hidden=\"true\" class=\"wp-block-spacer\"><\/div>\n\n<p>ECO ALIMENT INICIATIVES S.L. est\u00e1 especialmente sensibilizada en la protecci\u00f3n de datos de car\u00e1cter personal de los Usuarios de los servicios del sitio web. Mediante la presente Pol\u00edtica de Privacidad (en adelante, la Pol\u00edtica) ECO ALIMENT INICIATIVES S.L., informa a los USUARIOS de este sitio web, de los usos a los que se someten los datos de car\u00e1cter personal que se recaban en sitio web, con el fin que decidan, libre y voluntariamente, si desean facilitar la informaci\u00f3n solicitada.<br\/>ECO ALIMENT INICIATIVES S.L. se reserva la facultad de modificar esta Pol\u00edtica a fin de adaptarla a novedades legislativas, criterios jurisprudenciales, pr\u00e1cticas del sector, o intereses de la entidad. Cualquier modificaci\u00f3n en la misma ser\u00e1 anunciada con la debida antelaci\u00f3n, a fin de que tenga perfecto conocimiento de su contenido.<\/p>\n\n<h3 class=\"wp-block-heading\"><strong>RESPONSABLE<\/strong><\/h3>\n\n<p>El Responsable del Tratamiento de los datos de car\u00e1cter personal es:<br\/>Identidad: ECO ALIMENT INICIATIVES S.L. con NIF: B64902802, en adelante ENTIDAD<br\/>Direcci\u00f3n: GIRONA 107, 08203 &#8211; SABADELL<br\/>E-mail: <a href=\"mailto:ECO.ALIMENT.INICIATIVES@GMAIL.COM\">ECO.ALIMENT.INICIATIVES@GMAIL.COM<\/a><\/p>\n\n<h3 class=\"wp-block-heading\"><strong>DELEGADO DE PROTECCI\u00d3N DE DATOS<\/strong><\/h3>\n\n<p>Contacto por email: <a href=\"mailto:info@aemol.com\">info@aemol.com<\/a><\/p>\n\n<h3 class=\"wp-block-heading\"><strong>FINALIDAD DEL TRATAMIENTO<\/strong><\/h3>\n\n<p>La recogida y tratamiento de los datos personales recogidos a trav\u00e9s del formulario de contacto, tiene como finalidad la gesti\u00f3n, administraci\u00f3n, prestaci\u00f3n, ampliaci\u00f3n y mejora de los servicios prestados por ECO ALIMENT INICIATIVES S.L., dadas las solicitudes de informaci\u00f3n y\/o consultas planteadas.<\/p>\n\n<h3 class=\"wp-block-heading\"><strong>PLAZO DE CONSERVACI\u00d3N<\/strong><\/h3>\n\n<p>Los datos personales proporcionados se conservar\u00e1n durante el plazo correspondiente para cumplir con las obligaciones legales, o hasta que se solicite su supresi\u00f3n por el interesado y \u00e9ste est\u00e9 legitimado para ello.<\/p>\n\n<h3 class=\"wp-block-heading\"><strong>LEGITIMACI\u00d3N<\/strong><\/h3>\n\n<p>ECO ALIMENT INICIATIVES S.L. est\u00e1 legitimado al tratamiento de datos personales, en base al consentimiento otorgado por el interesado para uno o varios fines espec\u00edficos, tal y como recoge el art\u00edculo 6.1.a) y 6.1.b) del Reglamento General de Protecci\u00f3n de datos personales .<\/p>\n\n<h3 class=\"wp-block-heading\"><strong><strong>DESTINATARIOS<\/strong><\/strong><\/h3>\n\n<p>Los datos personales recabados no ser\u00e1n cedidos o comunicados a otros terceros, salvo en los supuestos necesarios para el desarrollo, control y cumplimiento de la\/s finalidad\/es expresada\/s, en los supuestos previstos seg\u00fan Ley, as\u00ed como en los casos espec\u00edficos, de los que se informe expresamente el Usuario.<\/p>\n\n<h3 class=\"wp-block-heading\"><strong>DERECHOS DE LOS USUARIOS<\/strong><\/h3>\n\n<p>\u00bfCu\u00e1les son sus derechos cuando nos facilita sus datos?<\/p>\n\n<ul><li><strong>Acceso:<\/strong> El interesado tiene derecho a saber qu\u00e9 datos est\u00e1 tratando la ENTIDAD sobre \u00e9l.<\/li><li><strong>Rectificaci\u00f3n:<\/strong> El interesado tiene derecho a solicitar la rectificaci\u00f3n de los datos inexactos.<\/li><li><strong>Supresi\u00f3n:<\/strong> El interesado tiene derecho a solicitar la supresi\u00f3n de sus datos cuando, entre otros motivos, los datos no sean necesarios para los fines que fueron recogidos.<\/li><li><strong>Limitaci\u00f3n del tratamiento:<\/strong> En determinadas circunstancias el interesado podr\u00e1 solicitar la limitaci\u00f3n del tratamiento de sus datos, en cuyo caso \u00fanicamente los conservaremos para el ejercicio o la defensa de reclamaciones.<\/li><li><strong>Oposici\u00f3n:<\/strong> En determinadas circunstancias el interesado podr\u00e1 oponerse al tratamiento de sus datos. En tal caso la ENTIDAD dejar\u00e1 de tratar sus datos, salvo por motivos leg\u00edtimos imperiosos o el ejercicio o la defensa de posibles reclamaciones.<\/li><li><strong>Portabilidad de los datos:<\/strong> S\u00f3lo aplicable a datos automatizados y consiste en pasar los datos desde la ENTIDAD a otro nuevo RESPONSABLE DEL TRATAMIENTO (no al interesado y por solicitud del mismo).<\/li><\/ul>\n<p>Puede usted ejercer sus derechos incluido el derecho a retirar su consentimiento (si \u00e9ste fue otorgado) enviando un escrito acompa\u00f1ado de su DNI a ECO ALIMENT INICIATIVES S.L. en GIRONA 107, 08203 &#8211; SABADELL o enviando un e-mail a <a href=\"mailto:ECO.ALIMENT.INICIATIVES@GMAIL.COM\">ECO.ALIMENT.INICIATIVES@GMAIL.COM<\/a><\/p>\n\n<p>Adem\u00e1s, tiene usted derecho a presentar una reclamaci\u00f3n ante la Autoridad de Control en materia de Protecci\u00f3n de Datos, actualmente la Agencia Espa\u00f1ola de Protecci\u00f3n de Datos.<\/p>\n\n<h3 class=\"wp-block-heading\"><strong>MEDIDAS DE SEGURIDAD<\/strong><\/h3>\n\n<p>El responsable del tratamiento ECO ALIMENT INICIATIVES S.L. aplicar\u00e1 medidas t\u00e9cnicas y organizativas apropiadas para garantizar un nivel de seguridad adecuado al riesgo del mismo.<\/p>\n\n<h3 class=\"wp-block-heading\"><strong>TRANSFERENCIAS INTERNACIONALES<\/strong><\/h3>\n\n<p>No se realizan transferencias internacionales.<\/p>\n\n<h3 class=\"wp-block-heading\"><strong>PERFILES Y TOMAS DE DECISIONES AUTOMATIZADAS<\/strong><\/h3>\n\n<p>No se elaboran perfiles, ni se toman decisiones automatizadas con los datos facilitados por el usuario.<\/p>\n\n<div style=\"height:100px\" aria-hidden=\"true\" class=\"wp-block-spacer\"><\/div>\n\n<p>\u00daltima actualizaci\u00f3n: 29 de diciembre de 2020<\/p>\n\n<p>Copyright \u00a9 2020 Sesmans Organic | Todos los derechos reservados<\/p>\n","protected":false},"excerpt":{"rendered":"<p>Pol\u00edtica de privacidad ECO ALIMENT INICIATIVES S.L. est\u00e1 especialmente sensibilizada en la protecci\u00f3n de datos de car\u00e1cter personal de los Usuarios de los servicios del sitio web. Mediante la presente Pol\u00edtica de Privacidad (en adelante, la Pol\u00edtica) ECO ALIMENT INICIATIVES S.L., informa a los USUARIOS de este sitio web, de los usos a los que [&hellip;]<\/p>\n","protected":false},"author":1,"featured_media":0,"parent":0,"menu_order":0,"comment_status":"closed","ping_status":"closed","template":"","meta":{"site-sidebar-layout":"default","site-content-layout":"default","ast-site-content-layout":"default","site-content-style":"default","site-sidebar-style":"default","ast-global-header-display":"","ast-banner-title-visibility":"","ast-main-header-display":"","ast-hfb-above-header-display":"","ast-hfb-below-header-display":"","ast-hfb-mobile-header-display":"","site-post-title":"disabled","ast-breadcrumbs-content":"","ast-featured-img":"","footer-sml-layout":"","ast-disable-related-posts":"","theme-transparent-header-meta":"default","adv-header-id-meta":"","stick-header-meta":"default","header-above-stick-meta":"","header-main-stick-meta":"","header-below-stick-meta":"","astra-migrate-meta-layouts":"default","ast-page-background-enabled":"default","ast-page-background-meta":{"desktop":{"background-color":"","background-image":"","background-repeat":"repeat","background-position":"center center","background-size":"auto","background-attachment":"scroll","background-type":"","background-media":"","overlay-type":"","overlay-color":"","overlay-opacity":"","overlay-gradient":""},"tablet":{"background-color":"","background-image":"","background-repeat":"repeat","background-position":"center center","background-size":"auto","background-attachment":"scroll","background-type":"","background-media":"","overlay-type":"","overlay-color":"","overlay-opacity":"","overlay-gradient":""},"mobile":{"background-color":"","background-image":"","background-repeat":"repeat","background-position":"center center","background-size":"auto","background-attachment":"scroll","background-type":"","background-media":"","overlay-type":"","overlay-color":"","overlay-opacity":"","overlay-gradient":""}},"ast-content-background-meta":{"desktop":{"background-color":"var(--ast-global-color-5)","background-image":"","background-repeat":"repeat","background-position":"center center","background-size":"auto","background-attachment":"scroll","background-type":"","background-media":"","overlay-type":"","overlay-color":"","overlay-opacity":"","overlay-gradient":""},"tablet":{"background-color":"var(--ast-global-color-5)","background-image":"","background-repeat":"repeat","background-position":"center center","background-size":"auto","background-attachment":"scroll","background-type":"","background-media":"","overlay-type":"","overlay-color":"","overlay-opacity":"","overlay-gradient":""},"mobile":{"background-color":"var(--ast-global-color-5)","background-image":"","background-repeat":"repeat","background-position":"center center","background-size":"auto","background-attachment":"scroll","background-type":"","background-media":"","overlay-type":"","overlay-color":"","overlay-opacity":"","overlay-gradient":""}},"footnotes":""},"_links":{"self":[{"href":"https:\/\/sesmans.com\/es\/wp-json\/wp\/v2\/pages\/1210"}],"collection":[{"href":"https:\/\/sesmans.com\/es\/wp-json\/wp\/v2\/pages"}],"about":[{"href":"https:\/\/sesmans.com\/es\/wp-json\/wp\/v2\/types\/page"}],"author":[{"embeddable":true,"href":"https:\/\/sesmans.com\/es\/wp-json\/wp\/v2\/users\/1"}],"replies":[{"embeddable":true,"href":"https:\/\/sesmans.com\/es\/wp-json\/wp\/v2\/comments?post=1210"}],"version-history":[{"count":3,"href":"https:\/\/sesmans.com\/es\/wp-json\/wp\/v2\/pages\/1210\/revisions"}],"predecessor-version":[{"id":1261,"href":"https:\/\/sesmans.com\/es\/wp-json\/wp\/v2\/pages\/1210\/revisions\/1261"}],"wp:attachment":[{"href":"https:\/\/sesmans.com\/es\/wp-json\/wp\/v2\/media?parent=1210"}],"curies":[{"name":"wp","href":"https:\/\/api.w.org\/{rel}","templated":true}]}}